{"id":136,"date":"2018-05-26T12:28:44","date_gmt":"2018-05-26T10:28:44","guid":{"rendered":"http:\/\/www.zahnzusatzversicherung-test.com.de\/blog\/?page_id=136"},"modified":"2023-01-20T10:21:30","modified_gmt":"2023-01-20T09:21:30","slug":"impressum","status":"publish","type":"page","link":"https:\/\/www.zahnzusatzversicherung-test.com.de\/blog\/impressum\/","title":{"rendered":"Impressum"},"content":{"rendered":"<p>&nbsp;<\/p>\n<div id=\"wrapper\">\n<div class=\"ueberschrift_inhalt\">\n<h1>Impressum<\/h1>\n<\/div>\n<div class=\"content\">\n<div class=\"content_farbe\">\n<div class=\"content_maske\">\n<ul>\n<li>\u00c2&nbsp;Unternehmenssitz:<\/li>\n<\/ul>\n<p>Holzkamp 6<br \/>\n24589 Nortorf<\/p>\n<p>Gerne erreichen sie uns unter: <a href=\"http:\/\/www.kostenloser-online-versicherungsvergleich.com\/blog\/wp-admin\/ordner\/kontakt\/kontakt_vergleichsoase.php\">Kontakt <\/a><\/p>\n<p>&nbsp;<\/p>\n<p>Internetseiten :<\/p>\n<p><em><strong><a href=\"http:\/\/www.vergleichsoase.de\/\">www.vergleichsoase.de<\/a><\/strong><\/em><\/p>\n<p><em><strong><a href=\"http:\/\/www.kostenloser-online-versicherungsvergleich.com\/\">www.kostenloser-online-versicherungsvergleich.com<\/a><\/strong><\/em><\/p>\n<p><em><strong><a href=\"https:\/\/www.krankenzusatz24.com\/\">www.krankenzusatz24.com<\/a><\/strong><\/em><\/p>\n<p><em><strong><a href=\"http:\/\/www.zahnzusatzversicherung-test.com.de\/\">www.zahnzusatzversicherung-test.com.de<\/a><\/strong><\/em><\/p>\n<p><em><strong>inkl der jeweiligen Blogs<\/strong><\/em><\/p>\n<p>&nbsp;<\/p>\n<p>Inhaber:<br \/>\nKirsten und Thorsten Teuchert &#8211; Holzkamp 6 &#8211; D-24589 Nortorf<\/p>\n<p>Steuernummer: 28 070 01665 &#8211; Finanzamt Rendsburg<\/p>\n<p>&nbsp;<\/p>\n<p>Keine Abmahnung ohne vorherigen Kontakt<\/p>\n<p>&nbsp;<\/p>\n<ul>\n<li>Verm\u00f6gensschadenhaftpflichtversicherung<\/li>\n<\/ul>\n<p>Eine den Bestimmungen der EU-Vermittlerrichtlinie entsprechende Berufshaftpflichtversicherung<br \/>\n\/ Verm\u00f6gensschadenhaftpflichtversicherung liegt vor (Allianz Versicherung).<\/p>\n<ul>\n<li>Erlaubnis und Register<\/li>\n<\/ul>\n<p>Die Genehmigung nach \u00a7 34d der GewO der GewO ist erteilt.<\/p>\n<p>Registernummer: D-M72J-G8C1G-10<\/p>\n<p>Die Genehmigung nach \u00a7 34d der GewO ist erteilt durch:<\/p>\n<p>Industrie- und Handelskammer zu Kiel<\/p>\n<p>Bergstr. 2<\/p>\n<p>24103 Kiel<\/p>\n<p>Tel. Nr. 0431 &#8211; 5194 &#8211; 0<\/p>\n<p>Fax Nr. 0431 &#8211; 5194-234<\/p>\n<p>Email: ihk@kiel.ihk.de<\/p>\n<p>Internet: www.ihk-schleswig-holstein.de<\/p>\n<p>&nbsp;<\/p>\n<p>Gemeinsame Stelle:<\/p>\n<p>Deutscher Industrie- und Handelskammertag (DIHK) e.V.<\/p>\n<p>Breite Stra\u00dfe 29 &#8211; 10178 Berlin Tel.Nr.:0180\/6 00 58 50<\/p>\n<p>(14 Cent\/Min aus dem dt.Festnetz, mit abweichenden Preisen aus Mobilfunknetzen)<\/p>\n<p>Email: infocenter@berlin.dihk.de<\/p>\n<p>Internet: www.dihk.de<\/p>\n<p>&nbsp;<\/p>\n<p>Beteiligungen<\/p>\n<p>Der Vermittler h\u00e4lt keine unmittelbare oder mittelbare Beteiligung von mehr als 10% der Stimmrechte oder des Kapitals an<\/p>\n<p>einem Versicherungsunternehmen. Ein Versicherungsunternehmen h\u00e4lt keine mittelbare oder unmittelbare Beteiligung<\/p>\n<p>von mehr als 10% der Stimmrechte oder des Kapitals am Versicherungsmakler.<\/p>\n<p>&nbsp;<\/p>\n<p>Schlichtungsstellen &#8211; au\u00dfergerichtliche Streitbeilegung<\/p>\n<p>F\u00fcr eventuelle Streitigkeiten zwischen Kunden und Versicherungen bzw. Versicherungsvermittlern<br \/>\ngibt es die M\u00f6glichkeit einer au\u00dfergerichtlichen Streitschlichtung durch die Ombudsleute<br \/>\ndes Versicherungswesens. Diese erreichen Sie im Bedarfsfall unter folgenden Adressen:<\/p>\n<p>Versicherungsombudsmann e.V.<\/p>\n<p>Postfach 08 06 32<\/p>\n<p>10006 Berlin<\/p>\n<p>Tel.: 0800 369 6000 (kostenlose Rufnummer)<br \/>\nFax: 0800 369 9000 (kostenlose Rufnummer)<\/p>\n<p>Internet : www.versicherungsombudsmann.de<\/p>\n<p>Kontakt: beschwerde@versicherungsombudsmann.de<\/p>\n<p>Ombudsmann Private Kranken- und Pflegeversicherung<\/p>\n<p>Postfach 06 02 22<\/p>\n<p>10052 Berlin<\/p>\n<p>Tel.: 0800 2 55 04 44 (kostenlose Rufnummer)<\/p>\n<p>Fax: 030 \/ 20 45 89 31<\/p>\n<p>Internet: www.pkv-ombudsmann.de )<\/p>\n<p>Kontakt: www.pkv-ombudsmann.de\/ihre-beschwerde\/beschwerde-einreichen\/onlinebeschwerde<\/p>\n<p>Diese Website besteht aus Teilangeboten, die von verschiedenen Anbietern verantwortet werden.<\/p>\n<p>1. Verantwortlicher i. S. d. \u00c2\u00a7 5 TMG f\u00fcr alle Inhalte, sofern im Folgenden kein abweichender Verantwortlicher angegeben ist:<\/p>\n<p>Inhaber: Kirsten Teuchert &#8211; Holzkamp 6 &#8211; D-24589 Nortorf<\/p>\n<p>Steuernummer: 28 070 01665 &#8211; Finanzamt Rendsburg<\/p>\n<p>Keine Abmahnung ohne vorherigen Kontakt<\/p>\n<p>Erlaubnis und Register<\/p>\n<p>Die Genehmigung nach \u00c2\u00a7 34d der GewO ist erteilt.<\/p>\n<p>Registernummer: D-M72J-G8C1G-10<\/p>\n<p>Die Genehmigung nach \u00a7 34d der GewO ist erteilt durch:<\/p>\n<p>Industrie- und Handelskammer zu Kiel<\/p>\n<p>&nbsp;<\/p>\n<p>2. Verantwortlicher i. S. d. \u00a7 5 TMG aller Vergleichsrechner f\u00fcr Gewerbeversicherung, Geb\u00e4udeneubau,<br \/>\nRisikolebensversicherung, private Krankenversicherung, Altersvorsorgeprodukte sowie f\u00fcr alle Formulare, mit denen diese Produkte angefordert werden k\u00f6nnen:<\/p>\n<p>finanzen.de Vermittlungsgesellschaft f\u00fcr Verbrauchervertr\u00e4ge AG<br \/>\nSchlesische Str. 29-30<br \/>\n10997 Berlin<br \/>\nTelefon: (030) 31986 1910<br \/>\nFax: (030) 31986 1911<br \/>\nE-Mail: kontakt@finanzen.de<\/p>\n<p>3. Verantwortlicher f\u00fcr die Vermittlung Stromtarife und Gastarife sowie f\u00fcr alle Formulare, mit denen diese Produkte angefordert werden k\u00f6nnen:<\/p>\n<p>Verivox GmbH<br \/>\nAm Taubenfeld 10<br \/>\n69123 Heidelberg<\/p>\n<p>Telefon: 06221-7961100<br \/>\nFax: 06221-79618669<br \/>\nE-Mail: service@verivox.de<\/p>\n<p>4. Anschriften der au\u00dfergerichtlichen Streitschlichtungsstellen<\/p>\n<p>Sollten die oben genannten Gesellschaften lt. ihrem Impressum und\/oder ihren AGBs erkl\u00e4rt haben,<br \/>\nwelche au\u00dfergerichtlichen Streitschlichtungsstellen auf gesonderten Antrag f\u00fcr sie entweder verbindlich zust\u00e4ndig sind bzw.<br \/>\nwelche sie auf gesonderten Antrag akzeptieren, dann k\u00f6nnen Sie im Folgenden die konkreten gesetzlichen Angaben,<br \/>\ndie im Zusammenhang mit der Nennung dieser au\u00dfergerichtlichen Streitschlichtungsstellen stehen, entnehmen.<\/p>\n<p>Versicherungsombudsmann e. V.<br \/>\nPostfach 080632<br \/>\n10006 Berlin<br \/>\nTelefon: 030 \/ 2060 58-0<br \/>\nE-Mail: beschwerde@versicherungsombudsmann.de<br \/>\nInternet: www.versicherungsombudsmann.de<\/p>\n<p>OMBUDSMANN Private Kranken- und Pflegeversicherung<br \/>\nPostfach 060222<br \/>\n10052 Berlin<br \/>\nTelefon: 0800 \/ 2550 444 (kostenfrei aus deutschen Telefonnetzen)<br \/>\nTelefax: 030 \/ 2045 8931<br \/>\nE-Mail: ombudsmann@pkv-ombudsmann.de<br \/>\nInternet: www.pkv-ombudsmann.de<\/p>\n<p>&nbsp;<\/p>\n<ul>\n<li>Haftung f\u00fcr Inhalte<\/li>\n<\/ul>\n<p><b>Haftungsausschluss:<\/b><\/p>\n<p>Die Inhalte unserer Seiten wurden mit gr\u00f6\u00dfter Sorgfalt erstellt. F\u00fcr die Richtigkeit,<br \/>\nVollst\u00e4ndigkeit und Aktualit\u00e4t der Inhalte k\u00f6nnen wir jedoch keine Gew\u00e4hr \u00fcbernehmen.<br \/>\nAls Diensteanbieter sind wir gem\u00e4\u00df \u00a7 7 Abs.1 TMG f\u00fcr eigene Inhalte auf diesen Seiten nach<br \/>\nden allgemeinen Gesetzen verantwortlich. Nach \u00a7\u00a7 8 bis 10 TMG sind wir als Diensteanbieter jedoch nicht<br \/>\nverpflichtet, \u00fcbermittelte oder gespeicherte fremde Informationen zu \u00fcberwachen oder nach Umst\u00e4nden<br \/>\nzu forschen, die auf eine rechtswidrige T\u00e4tigkeit hinweisen. Verpflichtungen zur Entfernung oder Sperrung der<br \/>\nNutzung von Informationen nach den allgemeinen Gesetzen bleiben hiervon unber\u00fchrt. Eine diesbez\u00fcgliche<br \/>\nHaftung ist jedoch erst ab dem Zeitpunkt der Kenntnis einer konkreten Rechtsverletzung m\u00f6glich. Bei<br \/>\nBekanntwerden von entsprechenden Rechtsverletzungen werden wir diese Inhalte umgehend entfernen.<\/p>\n<p>&nbsp;<\/p>\n<ul>\n<li>Haftung f\u00fcr Links<\/li>\n<\/ul>\n<p>Unser Angebot enth\u00e4lt Links zu externen Webseiten Dritter, auf deren Inhalte wir keinen Einfluss haben.<br \/>\nDeshalb k\u00f6nnen wir f\u00fcr diese fremden Inhalte auch keine Gew\u00e4hr \u00fcbernehmen. F\u00fcr die Inhalte der<br \/>\nverlinkten Seiten ist stets der jeweilige Anbieter oder Betreiber der Seiten verantwortlich. Die verlinkten Seiten wurden<br \/>\nzum Zeitpunkt der Verlinkung auf m\u00f6gliche Rechtsverst\u00f6\u00dfe \u00fcberpr\u00fcft. Rechtswidrige Inhalte<br \/>\nwaren zum Zeitpunkt der Verlinkung nicht erkennbar. Eine permanente inhaltliche Kontrolle der verlinkten Seiten ist<br \/>\njedoch ohne konkrete Anhaltspunkte einer Rechtsverletzung nicht zumutbar. Bei Bekanntwerden von Rechtsverletzungen werden<br \/>\nwir derartige Links umgehend entfernen.<\/p>\n<p>&nbsp;<\/p>\n<ul>\n<li>Urheberrecht<\/li>\n<\/ul>\n<p>Die durch die Seitenbetreiber erstellten Inhalte und Werke auf diesen Seiten unterliegen dem deutschen<br \/>\nUrheberrecht. Die Vervielf\u00e4ltigung, Bearbeitung, Verbreitung und jede Art der Verwertung au\u00dferhalb der<br \/>\nGrenzen des Urheberrechtes bed\u00fcrfen der schriftlichen Zustimmung des jeweiligen Autors bzw. Erstellers. Downloads<br \/>\nund Kopien dieser Seite sind nur f\u00fcr den privaten, nicht kommerziellen Gebrauch gestattet. Soweit die Inhalte auf<br \/>\ndieser Seite nicht vom Betreiber erstellt wurden, werden die Urheberrechte Dritter beachtet. Insbesondere werden Inhalte<br \/>\nDritter als solche gekennzeichnet. Sollten Sie trotzdem auf eine Urheberrechtsverletzung aufmerksam werden, bitten wir<br \/>\num einen entsprechenden Hinweis. Bei Bekanntwerden von Rechtsverletzungen werden wir derartige Inhalte umgehend entfernen.<\/p>\n<p>&nbsp;<\/p>\n<ul>\n<li>Datenschutz<\/li>\n<\/ul>\n<p>Die Nutzung unserer Webseite ist in der Regel ohne Angabe personenbezogener Daten m\u00f6glich. Soweit auf<br \/>\nunseren Seiten personenbezogene Daten (beispielsweise Name, Anschrift oder eMail-Adressen) erhoben werden, erfolgt<br \/>\ndies, soweit m\u00f6glich, stets auf freiwilliger Basis. Diese Daten werden ohne Ihre ausdr\u00fcckliche Zustimmung<br \/>\nnicht an Dritte weitergegeben.<\/p>\n<p>Wir weisen darauf hin, dass die Daten\u00fcbertragung im Internet (z.B. bei der Kommunikation per E-Mail)<br \/>\nSicherheitsl\u00fccken aufweisen kann. Ein l\u00fcckenloser Schutz der Daten vor dem Zugriff durch Dritte ist<br \/>\nnicht m\u00f6glich.<\/p>\n<p>Der Nutzung von im Rahmen der Impressumspflicht ver\u00f6ffentlichten Kontaktdaten durch Dritte zur \u00c4bersendung<br \/>\nvon nicht ausdr\u00fccklich angeforderter Werbung und Informationsmaterialien wird hiermit ausdr\u00fccklich<br \/>\nwidersprochen. Die Betreiber der Seiten behalten sich ausdr\u00fccklich rechtliche Schritte im Falle der unverlangten<br \/>\nZusendung von Werbeinformationen, etwa durch Spam-Mails, vor.<\/p>\n<\/div>\n<\/div>\n<\/div>\n<\/div>\n<p>&nbsp;<\/p>\n","protected":false},"excerpt":{"rendered":"<p>&nbsp; Impressum \u00c2&nbsp;Unternehmenssitz: Holzkamp 6 24589 Nortorf Gerne erreichen sie uns unter: Kontakt &nbsp; Internetseiten : www.vergleichsoase.de www.kostenloser-online-versicherungsvergleich.com www.krankenzusatz24.com www.zahnzusatzversicherung-test.com.de inkl der jeweiligen Blogs &nbsp; Inhaber: Kirsten und Thorsten Teuchert <a href=\"https:\/\/www.zahnzusatzversicherung-test.com.de\/blog\/impressum\/\" class=\"more-link\">[&hellip;]<\/a><\/p>\n","protected":false},"author":1,"featured_media":0,"parent":0,"menu_order":0,"comment_status":"closed","ping_status":"closed","template":"","meta":{"Layout":"","footnotes":""},"class_list":["entry","author-63084048","post-136","page","type-page","status-publish"],"_links":{"self":[{"href":"https:\/\/www.zahnzusatzversicherung-test.com.de\/blog\/wp-json\/wp\/v2\/pages\/136","targetHints":{"allow":["GET"]}}],"collection":[{"href":"https:\/\/www.zahnzusatzversicherung-test.com.de\/blog\/wp-json\/wp\/v2\/pages"}],"about":[{"href":"https:\/\/www.zahnzusatzversicherung-test.com.de\/blog\/wp-json\/wp\/v2\/types\/page"}],"author":[{"embeddable":true,"href":"https:\/\/www.zahnzusatzversicherung-test.com.de\/blog\/wp-json\/wp\/v2\/users\/1"}],"replies":[{"embeddable":true,"href":"https:\/\/www.zahnzusatzversicherung-test.com.de\/blog\/wp-json\/wp\/v2\/comments?post=136"}],"version-history":[{"count":2,"href":"https:\/\/www.zahnzusatzversicherung-test.com.de\/blog\/wp-json\/wp\/v2\/pages\/136\/revisions"}],"predecessor-version":[{"id":196,"href":"https:\/\/www.zahnzusatzversicherung-test.com.de\/blog\/wp-json\/wp\/v2\/pages\/136\/revisions\/196"}],"wp:attachment":[{"href":"https:\/\/www.zahnzusatzversicherung-test.com.de\/blog\/wp-json\/wp\/v2\/media?parent=136"}],"curies":[{"name":"wp","href":"https:\/\/api.w.org\/{rel}","templated":true}]}}