{"id":138,"date":"2018-05-26T12:30:13","date_gmt":"2018-05-26T10:30:13","guid":{"rendered":"http:\/\/www.zahnzusatzversicherung-test.com.de\/blog\/?page_id=138"},"modified":"2023-01-20T10:12:34","modified_gmt":"2023-01-20T09:12:34","slug":"datenschutzerklaerung","status":"publish","type":"page","link":"https:\/\/www.zahnzusatzversicherung-test.com.de\/blog\/datenschutzerklaerung\/","title":{"rendered":"Datenschutzerkl\u00e4rung"},"content":{"rendered":"<h1>Datenschutzbestimmungen und Nutzungsbedingungen<\/h1>\n<ul>\n<li>Pers\u00f6nliche Daten<\/li>\n<\/ul>\n<p><span class=\"hinweis\">Der Umgang mit Ihren pers\u00f6nlichen Daten ist uns sehr wichtig.<br \/>\nDer Schutz Ihrer Privatsph\u00e4re ist f\u00fcr uns von h\u00f6chster Bedeutung.<\/span><\/p>\n<p>Die Erhebung, Nutzung und ggf. Verarbeitung ihrer uns<br \/>\nanvertrauten Daten erfolgt gem\u00e4\u00df den gesetzlichen Bestimmungen.<br \/>\nWir respektieren die Datenschutzrechte jedes Einzelnen.<br \/>\nUnsere Dienstleistungen stehen im Einklang mit den rechtlichen<br \/>\nDatenschutzbestimmungen, die im Bundesdatenschutzgesetz (BDSG),<br \/>\nTelemediengesetz (TMG) und im Gesetz gegen den unlauteren Wettbewerb (UWG) geregelt sind.<br \/>\nBeim Besuch unserer Webseiten werden von uns automatisch verschiedene Informationen erfasst.<br \/>\nHierzu geh\u00f6ren beispielsweise die Art<br \/>\nund die Versionsnummer Ihres Webbrowsers, Ihr verwendetes Betriebssystem,<br \/>\nInformationen zu Ihrem verwendeten Internetprovider und andere \u00e4hnliche Informationen.<br \/>\nDiese Informationen fallen systembedingt bei der Nutzung des Internets an und sind daher<br \/>\ntechnisch zwingend notwendig, um einen einwandfreien Betrieb einer Webseite zu gew\u00e4hrleisten.<br \/>\nDiese anonymen Informationen werden von uns ggf. im Rahmen statistischer Auswertungen<br \/>\nzur Optimierung unseres Internetauftritts verwendet.<\/p>\n<ul>\n<li>Erhebung und Nutzung von Daten<\/li>\n<\/ul>\n<p>In folgenden F\u00e4llen werden beispielsweise Daten erhoben bzw. verwendet:<\/p>\n<p>. Berechnung von Vergleichsangeboten z.B. f\u00fcr Versicherungsangebote<br \/>\n. Pr\u00e4mienberechnungen<\/p>\n<p>Wir sind gem\u00e4\u00df DSGVO als Versicherungsvermittler gesetzlich dazu verpflichtet,<br \/>\nIhnen die wesentlichen Inhalte und Entscheidungsgrundlagen f\u00fcr die Tarifauswahl,<br \/>\ndie Auswahl von Angeboten und Grundlagen f\u00fcr die Beratung vor Vertragsabschluss in Textform zu \u00fcbermitteln.<\/p>\n<p><span class=\"hinweis\">&#8211; In keinem Fall erfolgt die Weitergabe der Daten an unbeteiligte Dritte, es sei denn dies ist zur Abwicklung eines Vertrages\/Abschlusses,<br \/>\nden Sie bei uns get\u00e4tigt haben, oder zur Angebotserstellung zwingend erforderlich<br \/>\noder wir sind hierzu gesetzlich verpflichtet.<\/span><\/p>\n<p>&#8211; Sollten Sie einen Stromanbieter- oder Gasanbieter Vergleich \u00fcber unsere Webseite nutzen, gelten die Datenschutzerkl\u00e4rungen<br \/>\nvon unserem Vertragspartner <b>Verivox<\/b> . Diese finden Sie <span class=\"tip\"><a href=\"http:\/\/www.verivox.de\/company\/datenschutz\/\">hier<\/a><\/span> .<br \/>\nWir haben keine Einsichtm\u00f6glichkeit ihrer Daten.<\/p>\n<p>&#8211; Sollten Sie einen Vergleich Gewerbeversicherung, Geb\u00e4udeneubau, Risikolebensversicherung, private Krankenversicherung, Altersvorsorgeprodukte \u00fcber unsere Webseite nutzen,<br \/>\ngelten die Datenschutzerkl\u00e4rungen von unserem Vertragspartner <b>finanzen.de<\/b>. Diese finden Sie <span class=\"tip\"><a href=\"https:\/\/www.finanzen.de\/ueber-uns\/datenschutz\">hier<\/a><\/span> .<br \/>\nWir haben keine Einsichtm\u00f6glichkeit ihrer Daten.<\/p>\n<p><em><strong><span class=\"hinweis\">&#8211; Sie haben jederzeit die M\u00f6glichkeit, ihre bei uns gespeicherten Daten zu erfragen, zu \u00fcbertragen oder zu l\u00f6schen.<br \/>\nSenden Sie dazu bitte einfach eine Mail an<br \/>\nthteuchert@aol.com<\/span> .<\/strong><\/em><\/p>\n<ul>\n<li>Daten, die beim Besuch unserer Internetseiten anfallen<\/li>\n<\/ul>\n<p>1. Sie k\u00f6nnen unsere Internetseiten grunds\u00e4tzlich ohne die Angabe personenbezogener Daten einsehen.<\/p>\n<p>2. Personenbezogene Daten, die Sie uns \u00fcber ein Formular mitteilen<br \/>\nWir erhalten Ihre personenbezogenen Daten, wenn Sie diese Daten in die Formulare auf unserer Seite eingeben<br \/>\nund uns so zur Verf\u00fcgung stellen.<br \/>\nWelche Daten dies genau sind h\u00e4ngt davon ab, f\u00fcr welche Dienstleistung Sie sich genau interessieren.<\/p>\n<p>&#8211; Ihr Geschlecht,<br \/>\n&#8211; Ihren Namen,<br \/>\n&#8211; Ihre E-Mail-Adresse,<br \/>\n&#8211; Ihre postalische Anschrift,<br \/>\n&#8211; Ihre Telefonnummer,<br \/>\n&#8211; Ihr Geburtsdatum,<br \/>\n&#8211; Ihren Beruf,<br \/>\n&#8211; Ihre Staatsangeh\u00f6rigkeit,<br \/>\n&#8211; Ihren Familienstand,<br \/>\n&#8211; Ihre Kontoverbindungsdaten,<br \/>\n&#8211; Informationen zu etwaigen Vorvertr\u00e4gen und deren Beendigung,<br \/>\n&#8211; Vorerkrankungen,<br \/>\n&#8211; Gegebenenfalls weitere produktbezogene Daten<\/p>\n<p><em><strong><span class=\"hinweis\">&#8211; Sie haben jederzeit die M\u00f6glichkeit, ihre bei uns gespeicherten Daten zu erfragen, zu \u00fcbertragen oder zu l\u00f6schen.<br \/>\nSenden Sie dazu bitte einfach eine Mail an<br \/>\nthteuchert@aol.com<\/span> .<\/strong><\/em><\/p>\n<ul>\n<li>Kosten und Geb\u00fchren f\u00fcr die Nutzung unserer Webseite<\/li>\n<\/ul>\n<p>Ihnen entstehen durch unseren Versicherungsvergleich, oder durch die Beratung unserer Versicherungsmakler <strong>keinerlei<br \/>\nKosten oder Geb\u00fchren.<\/strong> Die Erstellung von Angeboten, sowie die Beratung unserer Experten ist f\u00fcr Sie ebenfalls<br \/>\nunverbindlich und kostenlos. Sie sind zu keinerlei Gegenleistungen oder vertraglichen Abschl\u00fcssen verpflichtet.<\/p>\n<p>Durch das Absenden der Daten in den Formularen erkl\u00e4ren Sie sich mit dem Inhalt der Nutzungsbedingungen ausdr\u00fccklich einverstanden.<br \/>\nSie haben das Recht auf jederzeitigen Widerruf dieser Erkl\u00e4rung. Selbstverst\u00e4ndlich gew\u00e4hren wir Ihnen die M\u00f6glichkeit,<br \/>\nsich \u00fcber die in unserem Unternehmen \u00fcber Sie gespeicherte Daten, jederzeit zu informieren oder l\u00f6schen zu lassen. Hierzu<br \/>\nreicht eine Erkl\u00e4rung per E-Mail an<br \/>\nthteuchert@aol.com.<\/p>\n<ul>\n<li>Nutzungsbedingungen<\/li>\n<\/ul>\n<p>Nutzungsbedingungen Durch Nutzung unserer Internetangebote erkennen Sie die Haftungsausschlussbestimmungen und Nutzungsbedingungen an.<\/p>\n<ul>\n<li>1. Allgemeines<\/li>\n<\/ul>\n<p>Wir geben keine Gew\u00e4hr f\u00fcr die Vollst\u00e4ndigkeit der angebotenen Inhalte. Trotz sorgf\u00e4ltiger Recherchen, \u00fcbernehmen wir<br \/>\nf\u00fcr die Inhalte keine Haftung. Ein Rechtsanspruch auf Erf\u00fcllung der kostenfreien Angebote und Leistungen besteht nicht.<br \/>\nF\u00fcr die Sch\u00e4den, die aufgrund der Benutzung des Systems und des darin enthaltenen Informationsangebots entstehen, wie<br \/>\nz. B., Sch\u00e4den aus entgangenem Gewinn, Betriebsunterbrechungen, Verlust von gesch\u00e4ftlichen Informationen oder aus anderem<br \/>\nfinanziellen Verlusten sind wir nicht Schadenersatzpflichtig. Fremde Links, die auf dieses hier dargestellte Angebot<br \/>\nverweisen, d\u00fcrfen nicht den Eindruck erwecken , als seien auch Teile dieser Informationsseiten.<br \/>\nWeiterhin haben wir keinerlei Einfluss auf die Gestaltung und die Inhalte der verlinkten<br \/>\nInternetseiten. Diese Erkl\u00e4rung gilt auch f\u00fcr alle weiterf\u00fchrenden Links von unseren Internetseiten. Die weitere<br \/>\nVerbreitung der Inhalte bedarf der schriftlichen Genehmigung.<\/p>\n<ul>\n<li>2. Informationen<\/li>\n<\/ul>\n<p>Alle Informationen auf unseren Internetseiten sind niemals als Beratungsleistung zu verstehen. Alle hier dargestellten<br \/>\nAngebote verstehen sich als kostenfrei und unverbindlich. In keinem Fall stehen Sie im Zusammenhang mit dem Abschluss<br \/>\neines Vertrages oder einer anderen Rechtsbindenden Vereinbarung. Anfragen, die ohne Telefonnummern angeben werden,<br \/>\nk\u00f6nnen nicht bearbeitet werden. Bitte achten Sie immer auf Vollst\u00e4ndigkeit des Formulars und stellen Sie nur ernst<br \/>\ngemeinte Anfragen. Mit der \u00c4bersendung Ihrer Daten gehen Sie keinerlei vertragliche Pflichten ein, ausgenommen sind<br \/>\neinige Sparten im Sachversicherungsbereich, die allerdings zu Ihrem Verst\u00e4ndnis als Antrag auf einen Vertrag gekennzeichnet sind.<\/p>\n<ul>\n<li>3. Versicherungsvergleiche<\/li>\n<\/ul>\n<p>Eine Garantie f\u00fcr die Richtigkeit der Berechnungen kann leider nicht \u00fcbernommen werden. Als rechtsverbindlich k\u00f6nnen nur die<br \/>\njeweiligen Tarife, Bedingungen und gesch\u00e4ftsplanm\u00e4\u00dfigen Erkl\u00e4rungen des jeweiligen Versicherers angesehen werden. Deshalb<br \/>\nweisen wir noch einmal ausdr\u00fccklich darauf hin, dass die Informationen und Vergleiche auf unseren Internetseiten keinesfalls<br \/>\nals Versicherungs- oder Beratungsleistung anzusehen sind. Alle Information und Angebote sind kostenfrei und unverbindlich.<br \/>\nDie Vergleiche erheben auch nicht den Anspruch auf Vollst\u00e4ndigkeit, weil die Daten unter anderem von Fremdanbietern zur<br \/>\nVerf\u00fcgung gestellt werden.<\/p>\n<ul>\n<li>Haftungsausschluss:<\/li>\n<\/ul>\n<p><strong>Haftung f\u00fcr Inhalte<\/strong><\/p>\n<p>Die Inhalte unserer Seiten wurden mit gr\u00f6\u00dfter Sorgfalt erstellt. F\u00fcr die Richtigkeit,<br \/>\nVollst\u00e4ndigkeit und Aktualit\u00e4t der Inhalte k\u00f6nnen wir jedoch keine Gew\u00e4hr \u00fcbernehmen.<br \/>\nAls Diensteanbieter sind wir gem\u00e4\u00df \u00c2\u00a7 7 Abs.1 TMG f\u00fcr eigene Inhalte auf diesen Seiten nach<br \/>\nden allgemeinen Gesetzen verantwortlich. Nach \u00c2\u00a7\u00c2\u00a7 8 bis 10 TMG sind wir als Diensteanbieter jedoch nicht<br \/>\nverpflichtet, \u00fcbermittelte oder gespeicherte fremde Informationen zu \u00fcberwachen oder nach Umst\u00e4nden<br \/>\nzu forschen, die auf eine rechtswidrige T\u00e4tigkeit hinweisen. Verpflichtungen zur Entfernung oder Sperrung der<br \/>\nNutzung von Informationen nach den allgemeinen Gesetzen bleiben hiervon unber\u00fchrt. Eine diesbez\u00fcgliche<br \/>\nHaftung ist jedoch erst ab dem Zeitpunkt der Kenntnis einer konkreten Rechtsverletzung m\u00f6glich. Bei<br \/>\nBekanntwerden von entsprechenden Rechtsverletzungen werden wir diese Inhalte umgehend entfernen.<\/p>\n<ul>\n<li>Haftung f\u00fcr Links<\/li>\n<\/ul>\n<p>Unser Angebot enth\u00e4lt Links zu externen Webseiten Dritter, auf deren Inhalte wir keinen Einfluss haben.<br \/>\nDeshalb k\u00f6nnen wir f\u00fcr diese fremden Inhalte auch keine Gew\u00e4hr \u00fcbernehmen. F\u00fcr die Inhalte der<br \/>\nverlinkten Seiten ist stets der jeweilige Anbieter oder Betreiber der Seiten verantwortlich. Die verlinkten Seiten wurden<br \/>\nzum Zeitpunkt der Verlinkung auf m\u00f6gliche Rechtsverst\u00f6\u00dfe \u00fcberpr\u00fcft. Rechtswidrige Inhalte<br \/>\nwaren zum Zeitpunkt der Verlinkung nicht erkennbar. Eine permanente inhaltliche Kontrolle der verlinkten Seiten ist<br \/>\njedoch ohne konkrete Anhaltspunkte einer Rechtsverletzung nicht zumutbar. Bei Bekanntwerden von Rechtsverletzungen werden<br \/>\nwir derartige Links umgehend entfernen.<\/p>\n<ul>\n<li>Urheberrecht<\/li>\n<\/ul>\n<p>Die durch die Seitenbetreiber erstellten Inhalte und Werke auf diesen Seiten unterliegen dem deutschen<br \/>\nUrheberrecht. Die Vervielf\u00e4ltigung, Bearbeitung, Verbreitung und jede Art der Verwertung au\u00dferhalb der<br \/>\nGrenzen des Urheberrechtes bed\u00fcrfen der schriftlichen Zustimmung des jeweiligen Autors bzw. Erstellers. Downloads<br \/>\nund Kopien dieser Seite sind nur f\u00fcr den privaten, nicht kommerziellen Gebrauch gestattet. Soweit die Inhalte auf<br \/>\ndieser Seite nicht vom Betreiber erstellt wurden, werden die Urheberrechte Dritter beachtet. Insbesondere werden Inhalte<br \/>\nDritter als solche gekennzeichnet. Sollten Sie trotzdem auf eine Urheberrechtsverletzung aufmerksam werden, bitten wir<br \/>\num einen entsprechenden Hinweis. Bei Bekanntwerden von Rechtsverletzungen werden wir derartige Inhalte umgehend entfernen.<\/p>\n<ul>\n<li>Datenschutz<\/li>\n<\/ul>\n<p>Die Nutzung unserer Webseite ist in der Regel ohne Angabe personenbezogener Daten m\u00f6glich. Soweit auf<br \/>\nunseren Seiten personenbezogene Daten (beispielsweise Name, Anschrift oder eMail-Adressen) erhoben werden, erfolgt<br \/>\ndies, soweit m\u00f6glich, stets auf freiwilliger Basis. Diese Daten werden ohne Ihre ausdr\u00fcckliche Zustimmung<br \/>\nnicht an Dritte weitergegeben.<br \/>\nWir weisen darauf hin, dass die Daten\u00fcbertragung im Internet (z.B. bei der Kommunikation per E-Mail)<br \/>\nSicherheitsl\u00fccken aufweisen kann. Ein l\u00fcckenloser Schutz der Daten vor dem Zugriff durch Dritte ist<br \/>\nnicht m\u00f6glich.<br \/>\nDer Nutzung von im Rahmen der Impressumspflicht ver\u00f6ffentlichten Kontaktdaten durch Dritte zur \u00c4bersendung<br \/>\nvon nicht ausdr\u00fccklich angeforderter Werbung und Informationsmaterialien wird hiermit ausdr\u00fccklich<br \/>\nwidersprochen. Die Betreiber der Seiten behalten sich ausdr\u00fccklich rechtliche Schritte im Falle der unverlangten<br \/>\nZusendung von Werbeinformationen, etwa durch Spam-Mails, vor.<\/p>\n<ul>\n<li>Google Analytics<\/li>\n<\/ul>\n<p>Diese Website benutzt Google Analytics, einen Webanalysedienst der Google Inc. (\u201eGoogle\u201c).<br \/>\nGoogle Analytics verwendet sog. \u201eCookies\u201c, Textdateien, die auf Ihrem Computer gespeichert werden<br \/>\nund die eine Analyse der Benutzung der Website durch Sie erm\u00f6glichen. Die durch das Cookie erzeugten Informationen<br \/>\n\u00fcber Ihre Benutzung dieser Website werden in der Regel an einen Server von Google in den USA \u00fcbertragen und dort<br \/>\ngespeichert. Aufgrund der Aktivierung der IP-Anonymisierung auf dieser Website, wird Ihre IP-Adresse von Google jedoch<br \/>\ninnerhalb von Mitgliedstaaten der Europ\u00e4ischen Union oder in anderen Vertragsstaaten des Abkommens \u00fcber den Europ\u00e4ischen<br \/>\nWirtschaftsraum zuvor gek\u00fcrzt. Nur in Ausnahmef\u00e4llen wird die volle IP-Adresse an einen Server von Google in den USA<br \/>\n\u00fcbertragen und dort gek\u00fcrzt. Im Auftrag des Betreibers dieser Website wird Google diese Informationen benutzen, um<br \/>\nIhre Nutzung der Website auszuwerten, um Reports \u00fcber die Websiteaktivit\u00e4ten zusammenzustellen und um weitere mit der<br \/>\nWebsitenutzung und der Internetnutzung verbundene Dienstleistungen gegen\u00fcber dem Websitebetreiber zu erbringen. Die im<br \/>\nRahmen von Google Analytics von Ihrem Browser \u00fcbermittelte IP-Adresse wird nicht mit anderen Daten von Google zusammengef\u00fchrt.<br \/>\nSie k\u00f6nnen die Speicherung der Cookies durch eine entsprechende Einstellung Ihrer Browser-Software verhindern; wir weisen Sie<br \/>\njedoch darauf hin, dass Sie in diesem Fall gegebenenfalls nicht s\u00e4mtliche Funktionen dieser Website vollumf\u00e4nglich werden nutzen<br \/>\nk\u00f6nnen. Sie k\u00f6nnen dar\u00fcber hinaus die Erfassung der durch das Cookie erzeugten und auf Ihre Nutzung der Website bezogenen Daten<br \/>\n(inkl. Ihrer IP-Adresse) an Google sowie die Verarbeitung dieser Daten durch Google verhindern, indem Sie das unter dem folgenden Link<br \/>\n(https:\/\/tools.google.com\/dlpage\/gaoptout?hl=de) verf\u00fcgbare Browser-Plugin herunterladen und installieren. Dieses m\u00fcssen Sie f\u00fcr jeden<br \/>\nverwendeten Browser auf Ihren Ger\u00e4ten separat durchf\u00fchren.<\/p>\n<ul>\n<li>Google Adwords Conversion Tracking<\/li>\n<\/ul>\n<p>Diese Webseite nutzt das Google Conversion Tracking, einen Analysedienst der von Google Inc.<br \/>\n(1600 Amphitheatre Parkway, Mountain View, CA 94043, USA; nachfolgend &#8222;Google&#8220; genannt) betrieben wird.<br \/>\nGelangen Sie \u00fcber eine Google-Anzeige auf unsere Webseite, wird automatisch von Google Adwords, nicht von uns,<br \/>\nein so genanntes &#8222;Conversion Cookie&#8220; gesetzt. Dieses Cookie verliert automatisch nach 30 Tagen seine G\u00fcltigkeit<br \/>\nund dient nicht Ihrer pers\u00f6nlichen Identifizierung. Jeder Adwords-Kunde und somit auch wir erhalten von<br \/>\nGoogle ein anderes, eigenes Cookie. Somit k\u00f6nnen die Cookies auch nicht \u00fcber die Webseiten von verschiedenen<br \/>\nAdwords-Kunden hinweg nachverfolgt werden.<\/p>\n<p>Mit dem Setzen dieses &#8222;Conversion Cookie&#8220; k\u00f6nnen sowohl Google als auch der jeweilige Adwords-Kunde und<br \/>\nsomit auch wir erkennen, dass erstens jemand auf die jeweilige Anzeige geklickt hat und somit zu einer mit<br \/>\neinem Conversion-Tracking-Tag versehenen Seite weitergeleitet wurde und zweitens wie h\u00e4ufig dieser<br \/>\ninnerhalb von 30 Tage nochmals auf die jeweilige Anzeige geklickt hat. Die mit Hilfe des &#8222;Conversion Cookie&#8220;<br \/>\neingeholten Informationen dienen dazu, um Conversion-Statistiken durch Google zu erstellen.<br \/>\nWichtig f\u00fcr Sie: wir erfahren lediglich die Gesamtanzahl und H\u00e4ufigkeit der Nutzer, die auf die jeweilige<br \/>\nAnzeige geklickt haben und zu einer mit einem Conversion-Tracking-Tag versehenen Webseite weitergeleitet wurden.<br \/>\nWir erhalten jedoch keine Informationen, mit denen wir Sie Nutzer pers\u00f6nlich identifizieren k\u00f6nnten.<br \/>\nWenn Sie nicht an dem Tracking-Verfahren teilnehmen m\u00f6chten, k\u00f6nnen Sie das hierf\u00fcr erforderliche Setzen eines Cookies<br \/>\nablehnen , etwa per Browser-Einstellung, die das automatische Setzen von Cookies generell deaktiviert. Bitte bedenken Sie,<br \/>\ndass die vollst\u00e4ndige Deaktivierung des Setzens von Cookies ggf. dazu f\u00fchren kann, dass die Webseite nicht mehr korrekt<br \/>\nangezeigt wird. Weiter k\u00f6nnen Sie dediziert das Setzen von Cookies f\u00fcr das Conversion-Tracking deaktivieren, indem Sie<br \/>\nIhren Browser so einstellen, dass Cookies von der Domain &#8222;www.googleadservices.com&#8220; blockiert werden. Alternativ k\u00f6nnen<br \/>\nSie den Einsatz dieser von Google angebotenen Technologie abstellen bzw. unterbinden lassen, indem Sie die folgende<br \/>\nSeite besuchen und dort nachlesen, wie diese m\u00f6glich ist: www.youronlinechoices.com\/de\/praferenzmanagement\/<br \/>\nGoogle hat sich im Rahmen seiner Selbstverpflichtung und seiner Datenschutzbestimmung zur Beachtung dieses dort<br \/>\nbeschriebenen Verfahrens erkl\u00e4rt. Bitte beachten Sie, dass Sie die so gesetzten Opt-out-Cookies nicht l\u00f6schen d\u00fcrfen,<br \/>\nsolange Sie keine Aufzeichnung von Messdaten w\u00fcnschen. Haben Sie alle Ihre Cookies im Browser gel\u00f6scht, m\u00fcssen Sie das<br \/>\njeweilige Opt-out Cookie \u00fcber den oben genannten Link erneut setzen.<\/p>\n<p>Weitere Informationen zu den Nutzungs- und den Datenschutzrichtlinien f\u00fcr dieses Produkt finden sie<br \/>\nhier: http:\/\/www.google.com\/policies\/technologies\/ads\/ und www.google.com\/intl\/de\/policies\/privacy\/<\/p>\n","protected":false},"excerpt":{"rendered":"<p>Datenschutzbestimmungen und Nutzungsbedingungen Pers\u00f6nliche Daten Der Umgang mit Ihren pers\u00f6nlichen Daten ist uns sehr wichtig. Der Schutz Ihrer Privatsph\u00e4re ist f\u00fcr uns von h\u00f6chster Bedeutung. Die Erhebung, Nutzung und ggf. <a href=\"https:\/\/www.zahnzusatzversicherung-test.com.de\/blog\/datenschutzerklaerung\/\" class=\"more-link\">[&hellip;]<\/a><\/p>\n","protected":false},"author":1,"featured_media":0,"parent":0,"menu_order":0,"comment_status":"closed","ping_status":"closed","template":"","meta":{"Layout":"","footnotes":""},"class_list":["entry","author-63084048","post-138","page","type-page","status-publish"],"_links":{"self":[{"href":"https:\/\/www.zahnzusatzversicherung-test.com.de\/blog\/wp-json\/wp\/v2\/pages\/138","targetHints":{"allow":["GET"]}}],"collection":[{"href":"https:\/\/www.zahnzusatzversicherung-test.com.de\/blog\/wp-json\/wp\/v2\/pages"}],"about":[{"href":"https:\/\/www.zahnzusatzversicherung-test.com.de\/blog\/wp-json\/wp\/v2\/types\/page"}],"author":[{"embeddable":true,"href":"https:\/\/www.zahnzusatzversicherung-test.com.de\/blog\/wp-json\/wp\/v2\/users\/1"}],"replies":[{"embeddable":true,"href":"https:\/\/www.zahnzusatzversicherung-test.com.de\/blog\/wp-json\/wp\/v2\/comments?post=138"}],"version-history":[{"count":2,"href":"https:\/\/www.zahnzusatzversicherung-test.com.de\/blog\/wp-json\/wp\/v2\/pages\/138\/revisions"}],"predecessor-version":[{"id":194,"href":"https:\/\/www.zahnzusatzversicherung-test.com.de\/blog\/wp-json\/wp\/v2\/pages\/138\/revisions\/194"}],"wp:attachment":[{"href":"https:\/\/www.zahnzusatzversicherung-test.com.de\/blog\/wp-json\/wp\/v2\/media?parent=138"}],"curies":[{"name":"wp","href":"https:\/\/api.w.org\/{rel}","templated":true}]}}